{"id":13,"date":"2023-03-17T12:11:31","date_gmt":"2023-03-17T11:11:31","guid":{"rendered":"https:\/\/creperie-lezardreo.com\/?page_id=13"},"modified":"2025-10-03T11:10:37","modified_gmt":"2025-10-03T09:10:37","slug":"accueil","status":"publish","type":"page","link":"https:\/\/creperie-lezardreo.com\/","title":{"rendered":"Accueil"},"content":{"rendered":"\n<p> Lez ar dreo le retour<\/p>\n\n\n\n<p>Notre mantra pour vous satisfaire : des cuissons minutes, un vrai travail sur les pliages et des produits de qualit\u00e9. La garantie un bon moment !<\/p>\n\n\n\n<p>Chez nous, vous trouverez des cr\u00eapes et des galettes faites maison avec des produits le<br>plus possible bios et locaux et en accord avec la saison. Vous pourrez retrouver les<br>grands classiques dans les traditionnelles et des cr\u00e9ations originales dans nos<br>sp\u00e9ciales.<\/p>\n\n\n\n<p>Attention, fin de saison en approche : <strong>La cr\u00eaperie entrera en hibernation \u00e0 partir du 2 novembre.<\/strong><br>Venez faire vos r\u00e9serves de galette et cr\u00eape avant la fermeture ! \ud83d\ude0b<\/p>\n\n\n\n<div class=\"wp-block-group\"><div class=\"wp-block-group__inner-container is-layout-constrained wp-block-group-is-layout-constrained\">\n<figure class=\"wp-block-gallery has-nested-images columns-4 is-cropped wp-block-gallery-1 is-layout-flex wp-block-gallery-is-layout-flex\">\n<figure class=\"wp-block-image size-medium\"><a href=\"https:\/\/creperie-lezardreo.com\/wp-content\/uploads\/2023\/03\/13-_1030593.jpg\"><img loading=\"lazy\" decoding=\"async\" width=\"300\" height=\"225\" data-id=\"75\" src=\"https:\/\/creperie-lezardreo.com\/wp-content\/uploads\/2023\/03\/13-_1030593-300x225.jpg\" alt=\"\" class=\"wp-image-75\" srcset=\"https:\/\/creperie-lezardreo.com\/wp-content\/uploads\/2023\/03\/13-_1030593-300x225.jpg 300w, https:\/\/creperie-lezardreo.com\/wp-content\/uploads\/2023\/03\/13-_1030593-1024x769.jpg 1024w, https:\/\/creperie-lezardreo.com\/wp-content\/uploads\/2023\/03\/13-_1030593-768x577.jpg 768w, https:\/\/creperie-lezardreo.com\/wp-content\/uploads\/2023\/03\/13-_1030593-1536x1154.jpg 1536w, https:\/\/creperie-lezardreo.com\/wp-content\/uploads\/2023\/03\/13-_1030593-800x600.jpg 800w, https:\/\/creperie-lezardreo.com\/wp-content\/uploads\/2023\/03\/13-_1030593.jpg 2048w\" sizes=\"auto, (max-width: 300px) 100vw, 300px\" \/><\/a><\/figure>\n\n\n\n<figure class=\"wp-block-image size-medium\"><a href=\"https:\/\/creperie-lezardreo.com\/wp-content\/uploads\/2023\/03\/17-_1030623.jpg\"><img loading=\"lazy\" decoding=\"async\" width=\"300\" height=\"225\" data-id=\"79\" src=\"https:\/\/creperie-lezardreo.com\/wp-content\/uploads\/2023\/03\/17-_1030623-300x225.jpg\" alt=\"\" class=\"wp-image-79\" srcset=\"https:\/\/creperie-lezardreo.com\/wp-content\/uploads\/2023\/03\/17-_1030623-300x225.jpg 300w, https:\/\/creperie-lezardreo.com\/wp-content\/uploads\/2023\/03\/17-_1030623-1024x769.jpg 1024w, https:\/\/creperie-lezardreo.com\/wp-content\/uploads\/2023\/03\/17-_1030623-768x576.jpg 768w, https:\/\/creperie-lezardreo.com\/wp-content\/uploads\/2023\/03\/17-_1030623-1536x1153.jpg 1536w, https:\/\/creperie-lezardreo.com\/wp-content\/uploads\/2023\/03\/17-_1030623-800x600.jpg 800w, https:\/\/creperie-lezardreo.com\/wp-content\/uploads\/2023\/03\/17-_1030623.jpg 2048w\" sizes=\"auto, (max-width: 300px) 100vw, 300px\" \/><\/a><\/figure>\n\n\n\n<figure class=\"wp-block-image size-medium\"><a href=\"https:\/\/creperie-lezardreo.com\/wp-content\/uploads\/2023\/03\/54-_1030799-1.jpg\"><img loading=\"lazy\" decoding=\"async\" width=\"300\" height=\"225\" data-id=\"124\" src=\"https:\/\/creperie-lezardreo.com\/wp-content\/uploads\/2023\/03\/54-_1030799-1-300x225.jpg\" alt=\"\" class=\"wp-image-124\" srcset=\"https:\/\/creperie-lezardreo.com\/wp-content\/uploads\/2023\/03\/54-_1030799-1-300x225.jpg 300w, https:\/\/creperie-lezardreo.com\/wp-content\/uploads\/2023\/03\/54-_1030799-1-1024x769.jpg 1024w, https:\/\/creperie-lezardreo.com\/wp-content\/uploads\/2023\/03\/54-_1030799-1-768x576.jpg 768w, https:\/\/creperie-lezardreo.com\/wp-content\/uploads\/2023\/03\/54-_1030799-1-1536x1153.jpg 1536w, https:\/\/creperie-lezardreo.com\/wp-content\/uploads\/2023\/03\/54-_1030799-1-800x600.jpg 800w, https:\/\/creperie-lezardreo.com\/wp-content\/uploads\/2023\/03\/54-_1030799-1.jpg 2048w\" sizes=\"auto, (max-width: 300px) 100vw, 300px\" \/><\/a><\/figure>\n\n\n\n<figure class=\"wp-block-image size-medium\"><a href=\"https:\/\/creperie-lezardreo.com\/wp-content\/uploads\/2023\/03\/56-_1030816-1.jpg\"><img loading=\"lazy\" decoding=\"async\" width=\"300\" height=\"229\" data-id=\"126\" src=\"https:\/\/creperie-lezardreo.com\/wp-content\/uploads\/2023\/03\/56-_1030816-1-300x229.jpg\" alt=\"\" class=\"wp-image-126\" srcset=\"https:\/\/creperie-lezardreo.com\/wp-content\/uploads\/2023\/03\/56-_1030816-1-300x229.jpg 300w, https:\/\/creperie-lezardreo.com\/wp-content\/uploads\/2023\/03\/56-_1030816-1-1024x781.jpg 1024w, https:\/\/creperie-lezardreo.com\/wp-content\/uploads\/2023\/03\/56-_1030816-1-768x586.jpg 768w, https:\/\/creperie-lezardreo.com\/wp-content\/uploads\/2023\/03\/56-_1030816-1-1536x1172.jpg 1536w, https:\/\/creperie-lezardreo.com\/wp-content\/uploads\/2023\/03\/56-_1030816-1.jpg 2048w\" sizes=\"auto, (max-width: 300px) 100vw, 300px\" \/><\/a><\/figure>\n\n\n\n<figure class=\"wp-block-image size-medium\"><a href=\"https:\/\/creperie-lezardreo.com\/wp-content\/uploads\/2023\/03\/62-_1030856-1.jpg\"><img loading=\"lazy\" decoding=\"async\" width=\"300\" height=\"245\" data-id=\"132\" src=\"https:\/\/creperie-lezardreo.com\/wp-content\/uploads\/2023\/03\/62-_1030856-1-300x245.jpg\" alt=\"\" class=\"wp-image-132\" srcset=\"https:\/\/creperie-lezardreo.com\/wp-content\/uploads\/2023\/03\/62-_1030856-1-300x245.jpg 300w, https:\/\/creperie-lezardreo.com\/wp-content\/uploads\/2023\/03\/62-_1030856-1-1024x837.jpg 1024w, https:\/\/creperie-lezardreo.com\/wp-content\/uploads\/2023\/03\/62-_1030856-1-768x627.jpg 768w, https:\/\/creperie-lezardreo.com\/wp-content\/uploads\/2023\/03\/62-_1030856-1-1536x1255.jpg 1536w, https:\/\/creperie-lezardreo.com\/wp-content\/uploads\/2023\/03\/62-_1030856-1.jpg 2048w\" sizes=\"auto, (max-width: 300px) 100vw, 300px\" \/><\/a><\/figure>\n\n\n\n<figure class=\"wp-block-image size-medium\"><a href=\"https:\/\/creperie-lezardreo.com\/wp-content\/uploads\/2023\/03\/67-_1030871-1.jpg\"><img loading=\"lazy\" decoding=\"async\" width=\"300\" height=\"219\" data-id=\"137\" src=\"https:\/\/creperie-lezardreo.com\/wp-content\/uploads\/2023\/03\/67-_1030871-1-300x219.jpg\" alt=\"\" class=\"wp-image-137\" srcset=\"https:\/\/creperie-lezardreo.com\/wp-content\/uploads\/2023\/03\/67-_1030871-1-300x219.jpg 300w, https:\/\/creperie-lezardreo.com\/wp-content\/uploads\/2023\/03\/67-_1030871-1-1024x749.jpg 1024w, https:\/\/creperie-lezardreo.com\/wp-content\/uploads\/2023\/03\/67-_1030871-1-768x562.jpg 768w, https:\/\/creperie-lezardreo.com\/wp-content\/uploads\/2023\/03\/67-_1030871-1-1536x1124.jpg 1536w, https:\/\/creperie-lezardreo.com\/wp-content\/uploads\/2023\/03\/67-_1030871-1.jpg 2048w\" sizes=\"auto, (max-width: 300px) 100vw, 300px\" \/><\/a><\/figure>\n\n\n\n<figure class=\"wp-block-image size-medium\"><a href=\"https:\/\/creperie-lezardreo.com\/wp-content\/uploads\/2023\/03\/70-_1030885-1.jpg\"><img loading=\"lazy\" decoding=\"async\" width=\"300\" height=\"225\" data-id=\"140\" src=\"https:\/\/creperie-lezardreo.com\/wp-content\/uploads\/2023\/03\/70-_1030885-1-300x225.jpg\" alt=\"\" class=\"wp-image-140\" srcset=\"https:\/\/creperie-lezardreo.com\/wp-content\/uploads\/2023\/03\/70-_1030885-1-300x225.jpg 300w, https:\/\/creperie-lezardreo.com\/wp-content\/uploads\/2023\/03\/70-_1030885-1-1024x769.jpg 1024w, https:\/\/creperie-lezardreo.com\/wp-content\/uploads\/2023\/03\/70-_1030885-1-768x576.jpg 768w, https:\/\/creperie-lezardreo.com\/wp-content\/uploads\/2023\/03\/70-_1030885-1-1536x1153.jpg 1536w, https:\/\/creperie-lezardreo.com\/wp-content\/uploads\/2023\/03\/70-_1030885-1-800x600.jpg 800w, https:\/\/creperie-lezardreo.com\/wp-content\/uploads\/2023\/03\/70-_1030885-1.jpg 2048w\" sizes=\"auto, (max-width: 300px) 100vw, 300px\" \/><\/a><\/figure>\n<\/figure>\n<\/div><\/div>\n\n\n\n<div style=\"height:56px\" aria-hidden=\"true\" class=\"wp-block-spacer\"><\/div>\n\n\n\n<h3 class=\"wp-block-heading\">D\u2019o\u00f9 vient \u00ab\u00a0Lez Ar Dreo\u00a0\u00bb ?<\/h3>\n\n\n\n<p>L\u00e9zardrieux doit son nom \u00e0 la pr\u00e9sence d&rsquo;un ch\u00e2teau \u00e9tabli d\u00e8s le haut Moyen-\u00c2ge sur les hauteurs dominant le Trieux.<br>L\u00e9zardrieux vient de Lez war treo qui signifie:<br>LEZ = Cour, WAR = Sur, TREO = Trieux<br>C\u2019est une d\u00e9clinaison des mots celtiques Lez Ar Dr\u00e9o ou Drew, lesquels signifient<br><strong>pr\u00e8s du Trieux<\/strong>.<\/p>\n","protected":false},"excerpt":{"rendered":"<p>Lez ar dreo le retour Notre mantra pour vous satisfaire : des cuissons minutes, un vrai travail sur les pliages &hellip; <a href=\"https:\/\/creperie-lezardreo.com\/\" class=\"more-link\">Continue reading<span class=\"screen-reader-text\"> \u00ab\u00a0Accueil\u00a0\u00bb<\/span><\/a><\/p>\n","protected":false},"author":1,"featured_media":0,"parent":0,"menu_order":0,"comment_status":"closed","ping_status":"closed","template":"","meta":{"footnotes":""},"class_list":["post-13","page","type-page","status-publish","hentry"],"_links":{"self":[{"href":"https:\/\/creperie-lezardreo.com\/index.php\/wp-json\/wp\/v2\/pages\/13","targetHints":{"allow":["GET"]}}],"collection":[{"href":"https:\/\/creperie-lezardreo.com\/index.php\/wp-json\/wp\/v2\/pages"}],"about":[{"href":"https:\/\/creperie-lezardreo.com\/index.php\/wp-json\/wp\/v2\/types\/page"}],"author":[{"embeddable":true,"href":"https:\/\/creperie-lezardreo.com\/index.php\/wp-json\/wp\/v2\/users\/1"}],"replies":[{"embeddable":true,"href":"https:\/\/creperie-lezardreo.com\/index.php\/wp-json\/wp\/v2\/comments?post=13"}],"version-history":[{"count":18,"href":"https:\/\/creperie-lezardreo.com\/index.php\/wp-json\/wp\/v2\/pages\/13\/revisions"}],"predecessor-version":[{"id":223,"href":"https:\/\/creperie-lezardreo.com\/index.php\/wp-json\/wp\/v2\/pages\/13\/revisions\/223"}],"wp:attachment":[{"href":"https:\/\/creperie-lezardreo.com\/index.php\/wp-json\/wp\/v2\/media?parent=13"}],"curies":[{"name":"wp","href":"https:\/\/api.w.org\/{rel}","templated":true}]}}