{"id":2,"date":"2023-03-13T23:06:23","date_gmt":"2023-03-13T22:06:23","guid":{"rendered":"http:\/\/creperie-lezardreo.com\/?page_id=2"},"modified":"2025-09-08T10:57:07","modified_gmt":"2025-09-08T08:57:07","slug":"nos-valeurs","status":"publish","type":"page","link":"https:\/\/creperie-lezardreo.com\/index.php\/nos-valeurs\/","title":{"rendered":"Notre charte qualit\u00e9"},"content":{"rendered":"<div class=\"wp-block-image\">\n<figure class=\"alignright is-resized\"><img loading=\"lazy\" decoding=\"async\" src=\"http:\/\/web.archive.org\/web\/20221007190629im_\/https:\/\/creperie-lezardreo.com\/wp-content\/uploads\/2018\/06\/Logo-fait-maison-300x241.png\" alt=\"\" class=\"wp-image-92\" width=\"150\" height=\"121\"\/><\/figure>\n<\/div>\n\n\n<p>L\u2019\u00e9quipe de Lez Ar Dreo a pris le parti de vous proposer une carte restreinte afin de vous proposer davantage d\u2019originalit\u00e9 dans des recettes, pens\u00e9es pour accompagner nos cr\u00eapes et galettes et non seulement les garnir.<\/p>\n\n\n\n<p>L\u2019int\u00e9gralit\u00e9 de notre carte repose sur des ingr\u00e9dients frais, locaux et dont une grande partie sont bio. Les produits sont, \u00e0 l\u2019exception\u00a0de nos glaces, des produits pr\u00e9par\u00e9s uniquement dans notre cuisine pour vous proposer du<strong> vrai fait maison<\/strong>.<\/p>\n","protected":false},"excerpt":{"rendered":"<p>L\u2019\u00e9quipe de Lez Ar Dreo a pris le parti de vous proposer une carte restreinte afin de vous proposer davantage &hellip; <a href=\"https:\/\/creperie-lezardreo.com\/index.php\/nos-valeurs\/\" class=\"more-link\">Continue reading<span class=\"screen-reader-text\"> \u00ab\u00a0Notre charte qualit\u00e9\u00a0\u00bb<\/span><\/a><\/p>\n","protected":false},"author":1,"featured_media":0,"parent":0,"menu_order":0,"comment_status":"closed","ping_status":"open","template":"","meta":{"footnotes":""},"class_list":["post-2","page","type-page","status-publish","hentry"],"_links":{"self":[{"href":"https:\/\/creperie-lezardreo.com\/index.php\/wp-json\/wp\/v2\/pages\/2","targetHints":{"allow":["GET"]}}],"collection":[{"href":"https:\/\/creperie-lezardreo.com\/index.php\/wp-json\/wp\/v2\/pages"}],"about":[{"href":"https:\/\/creperie-lezardreo.com\/index.php\/wp-json\/wp\/v2\/types\/page"}],"author":[{"embeddable":true,"href":"https:\/\/creperie-lezardreo.com\/index.php\/wp-json\/wp\/v2\/users\/1"}],"replies":[{"embeddable":true,"href":"https:\/\/creperie-lezardreo.com\/index.php\/wp-json\/wp\/v2\/comments?post=2"}],"version-history":[{"count":2,"href":"https:\/\/creperie-lezardreo.com\/index.php\/wp-json\/wp\/v2\/pages\/2\/revisions"}],"predecessor-version":[{"id":26,"href":"https:\/\/creperie-lezardreo.com\/index.php\/wp-json\/wp\/v2\/pages\/2\/revisions\/26"}],"wp:attachment":[{"href":"https:\/\/creperie-lezardreo.com\/index.php\/wp-json\/wp\/v2\/media?parent=2"}],"curies":[{"name":"wp","href":"https:\/\/api.w.org\/{rel}","templated":true}]}}