{"id":27,"date":"2023-03-19T19:18:39","date_gmt":"2023-03-19T18:18:39","guid":{"rendered":"https:\/\/creperie-lezardreo.com\/?page_id=27"},"modified":"2025-09-08T10:57:07","modified_gmt":"2025-09-08T08:57:07","slug":"contact","status":"publish","type":"page","link":"https:\/\/creperie-lezardreo.com\/index.php\/contact\/","title":{"rendered":"Contact"},"content":{"rendered":"\n<p>Nous sommes joignables par t\u00e9l\u00e9phone durant toutes les heures de service au <a href=\"tel:0767082082\">07.67.08.20.82<\/a>&nbsp; pour tout renseignement.<\/p>\n\n\n\n<p>Vous pouvez aussi nous contacter par mail \u00e0 lezardreo@gmail.com.<\/p>\n\n\n\n<p>Notre \u00e9tablissement se situe au 5 place du centre \u00e0 L\u00e9zardrieux, pr\u00e8s de Paimpol et Tr\u00e9guier.<\/p>\n\n\n\n<div style=\"width: 100%\"><iframe loading=\"lazy\" scrolling=\"no\" marginheight=\"0\" marginwidth=\"0\" src=\"https:\/\/maps.google.com\/maps?width=100%25&amp;height=600&amp;hl=en&amp;q=5%20Pl.%20du%20Centre,%2022740%20L%C3%A9zardrieux+(Lez%20Ar%20Dreo)&amp;t=&amp;z=14&amp;ie=UTF8&amp;iwloc=B&amp;output=embed\" width=\"100%\" height=\"600\" frameborder=\"0\"><a href=\"https:\/\/www.maps.ie\/distance-area-calculator.html\">measure area map<\/a><\/iframe><\/div>\n","protected":false},"excerpt":{"rendered":"<p>Nous sommes joignables par t\u00e9l\u00e9phone durant toutes les heures de service au 07.67.08.20.82&nbsp; pour tout renseignement. Vous pouvez aussi nous &hellip; <a href=\"https:\/\/creperie-lezardreo.com\/index.php\/contact\/\" class=\"more-link\">Continue reading<span class=\"screen-reader-text\"> \u00ab\u00a0Contact\u00a0\u00bb<\/span><\/a><\/p>\n","protected":false},"author":1,"featured_media":34,"parent":0,"menu_order":0,"comment_status":"closed","ping_status":"closed","template":"","meta":{"footnotes":""},"class_list":["post-27","page","type-page","status-publish","has-post-thumbnail","hentry"],"_links":{"self":[{"href":"https:\/\/creperie-lezardreo.com\/index.php\/wp-json\/wp\/v2\/pages\/27","targetHints":{"allow":["GET"]}}],"collection":[{"href":"https:\/\/creperie-lezardreo.com\/index.php\/wp-json\/wp\/v2\/pages"}],"about":[{"href":"https:\/\/creperie-lezardreo.com\/index.php\/wp-json\/wp\/v2\/types\/page"}],"author":[{"embeddable":true,"href":"https:\/\/creperie-lezardreo.com\/index.php\/wp-json\/wp\/v2\/users\/1"}],"replies":[{"embeddable":true,"href":"https:\/\/creperie-lezardreo.com\/index.php\/wp-json\/wp\/v2\/comments?post=27"}],"version-history":[{"count":2,"href":"https:\/\/creperie-lezardreo.com\/index.php\/wp-json\/wp\/v2\/pages\/27\/revisions"}],"predecessor-version":[{"id":31,"href":"https:\/\/creperie-lezardreo.com\/index.php\/wp-json\/wp\/v2\/pages\/27\/revisions\/31"}],"wp:featuredmedia":[{"embeddable":true,"href":"https:\/\/creperie-lezardreo.com\/index.php\/wp-json\/wp\/v2\/media\/34"}],"wp:attachment":[{"href":"https:\/\/creperie-lezardreo.com\/index.php\/wp-json\/wp\/v2\/media?parent=27"}],"curies":[{"name":"wp","href":"https:\/\/api.w.org\/{rel}","templated":true}]}}